{"id":8,"date":"2017-04-04T11:22:42","date_gmt":"2017-04-04T11:22:42","guid":{"rendered":"http:\/\/sw-themes.com\/porto_dummy\/?page_id=8"},"modified":"2023-05-15T02:11:27","modified_gmt":"2023-05-15T02:11:27","slug":"home","status":"publish","type":"page","link":"https:\/\/lawebdereservas.com\/","title":{"rendered":"Home"},"content":{"rendered":"\t\t<div data-elementor-type=\"wp-page\" data-elementor-id=\"8\" class=\"elementor elementor-8\" data-elementor-post-type=\"page\">\n\t\t\t\t\t\t<div class=\"elementor-section elementor-top-section elementor-element elementor-element-8698d8f elementor-section-content-middle wp-mobile-app pb-5 overflow-hidden p-t-xxl elementor-section-boxed elementor-section-height-default elementor-section-height-default elementor-invisible\" data-id=\"8698d8f\" data-element_type=\"section\" id=\"inicio\" data-settings=\"{&quot;animation&quot;:&quot;fadeIn&quot;}\">\n\t\t\t\t\t\t<div class=\"elementor-container elementor-column-gap-default\">\n\t\t\t\t\t<div class=\"elementor-column elementor-col-50 elementor-top-column elementor-element elementor-element-c952097 mt-4 p-t-xxl\" data-id=\"c952097\" data-element_type=\"column\">\n\t\t\t<div class=\"elementor-widget-wrap elementor-element-populated\">\n\t\t\t\t\t\t<div class=\"elementor-element elementor-element-f9c5a1c elementor-absolute elementor-widget elementor-widget-text-editor\" data-id=\"f9c5a1c\" data-element_type=\"widget\" data-settings=\"{&quot;_position&quot;:&quot;absolute&quot;}\" data-widget_type=\"text-editor.default\">\n\t\t\t\t<div class=\"elementor-widget-container\">\n\t\t\t\t\t\t\t\t\t<svg xmlns=\"http:\/\/www.w3.org\/2000\/svg\" xmlns:xlink=\"http:\/\/www.w3.org\/1999\/xlink\" width=\"1290\" height=\"1290\" data-filename=\"shape-1.svg\">\n<path fill-rule=\"evenodd\" fill=\"rgb(245, 243, 251)\" d=\"M751.271,43.996 L1246.077,539.139 C1304.636,597.738 1304.603,692.712 1246.004,751.271 L750.861,1246.076 C692.262,1304.635 597.287,1304.603 538.729,1246.004 L43.923,750.860 C-14.636,692.262 -14.603,597.287 43.995,538.728 L539.139,43.923 C597.738,-14.635 692.713,-14.603 751.271,43.996 Z\"><\/path>\n<\/svg>\t\t\t\t\t\t\t\t<\/div>\n\t\t\t\t<\/div>\n\t\t\t\t<div class=\"elementor-element elementor-element-ec8bfe6 elementor-invisible elementor-widget elementor-widget-heading\" data-id=\"ec8bfe6\" data-element_type=\"widget\" data-settings=\"{&quot;_animation&quot;:&quot;fadeInUp&quot;,&quot;_animation_delay&quot;:600}\" data-widget_type=\"heading.default\">\n\t\t\t\t<div class=\"elementor-widget-container\">\n\t\t\t\t\t<h2 class=\"elementor-heading-title elementor-size-default\">DESCUBRE EL \u00daNICO SISTEMA DE<\/h2>\t\t\t\t<\/div>\n\t\t\t\t<\/div>\n\t\t\t\t<div class=\"elementor-element elementor-element-0fbb6b8 wp-text elementor-widget__width-auto elementor-absolute elementor-invisible elementor-widget elementor-widget-heading\" data-id=\"0fbb6b8\" data-element_type=\"widget\" data-settings=\"{&quot;_position&quot;:&quot;absolute&quot;,&quot;_animation&quot;:&quot;fadeIn&quot;,&quot;_animation_delay&quot;:1500}\" data-widget_type=\"heading.default\">\n\t\t\t\t<div class=\"elementor-widget-container\">\n\t\t\t\t\t<h2 class=\"elementor-heading-title elementor-size-default\">Sal\u00f3n<\/h2>\t\t\t\t<\/div>\n\t\t\t\t<\/div>\n\t\t\t\t<div class=\"elementor-element elementor-element-c0d1ced wp-app-title elementor-invisible elementor-widget elementor-widget-heading\" data-id=\"c0d1ced\" data-element_type=\"widget\" data-settings=\"{&quot;_animation&quot;:&quot;fadeInUp&quot;,&quot;_animation_delay&quot;:800}\" data-widget_type=\"heading.default\">\n\t\t\t\t<div class=\"elementor-widget-container\">\n\t\t\t\t\t<h2 class=\"elementor-heading-title elementor-size-default\">Manicura en linea<\/h2>\t\t\t\t<\/div>\n\t\t\t\t<\/div>\n\t\t\t\t<div class=\"elementor-element elementor-element-5e61b32 elementor-invisible elementor-widget elementor-widget-heading\" data-id=\"5e61b32\" data-element_type=\"widget\" data-settings=\"{&quot;_animation&quot;:&quot;fadeInUp&quot;,&quot;_animation_delay&quot;:1000}\" data-widget_type=\"heading.default\">\n\t\t\t\t<div class=\"elementor-widget-container\">\n\t\t\t\t\t<p class=\"elementor-heading-title elementor-size-default\">\u00bfQuieres potenciar tu sal\u00f3n de manicura con una presencia en l\u00ednea profesional que\nrefleje la calidad de tu negocio? \u00a1Podemos ayudarte!\n<\/p>\t\t\t\t<\/div>\n\t\t\t\t<\/div>\n\t\t\t\t<section class=\"elementor-section elementor-inner-section elementor-element elementor-element-dbe1aea elementor-section-boxed elementor-section-height-default elementor-section-height-default\" data-id=\"dbe1aea\" data-element_type=\"section\">\n\t\t\t\t\t\t<div class=\"elementor-container elementor-column-gap-default\">\n\t\t\t\t\t<div class=\"elementor-column elementor-col-100 elementor-inner-column elementor-element elementor-element-a5ebb62\" data-id=\"a5ebb62\" data-element_type=\"column\">\n\t\t\t<div class=\"elementor-widget-wrap elementor-element-populated\">\n\t\t\t\t\t\t<div class=\"elementor-element elementor-element-3b62a6d elementor-widget__width-auto mt-3 elementor-widget elementor-widget-heading\" data-id=\"3b62a6d\" data-element_type=\"widget\" data-widget_type=\"heading.default\">\n\t\t\t\t<div class=\"elementor-widget-container\">\n\t\t\t\t\t<h6 class=\"elementor-heading-title elementor-size-default\">NUESTROS ASOCIADOS:<\/h6>\t\t\t\t<\/div>\n\t\t\t\t<\/div>\n\t\t\t\t<div class=\"elementor-element elementor-element-2a575b3 elementor-widget__width-auto mt-3 elementor-widget elementor-widget-image\" data-id=\"2a575b3\" data-element_type=\"widget\" data-widget_type=\"image.default\">\n\t\t\t\t<div class=\"elementor-widget-container\">\n\t\t\t\t\t\t\t\t\t\t\t\t\t\t\t<img decoding=\"async\" width=\"85\" height=\"85\" src=\"https:\/\/lawebdereservas.com\/wp-content\/uploads\/2023\/05\/Logo-principal-fundo-transparente-02-e1683863654387.png\" class=\"attachment-full size-full wp-image-3572\" alt=\"\" \/>\t\t\t\t\t\t\t\t\t\t\t\t\t\t\t<\/div>\n\t\t\t\t<\/div>\n\t\t\t\t\t<\/div>\n\t\t<\/div>\n\t\t\t\t\t<\/div>\n\t\t<\/section>\n\t\t\t\t\t<\/div>\n\t\t<\/div>\n\t\t\t\t<div class=\"elementor-column elementor-col-50 elementor-top-column elementor-element elementor-element-bb1f03e wp-app\" data-id=\"bb1f03e\" data-element_type=\"column\" data-settings=\"{&quot;background_background&quot;:&quot;classic&quot;,&quot;animation&quot;:&quot;none&quot;}\">\n\t\t\t<div class=\"elementor-widget-wrap elementor-element-populated\">\n\t\t\t\t\t\t<div class=\"elementor-section elementor-inner-section elementor-element elementor-element-3936f2e elementor-section-boxed elementor-section-height-default elementor-section-height-default elementor-invisible\" data-id=\"3936f2e\" data-element_type=\"section\" data-settings=\"{&quot;background_background&quot;:&quot;classic&quot;,&quot;animation&quot;:&quot;fadeIn&quot;,&quot;animation_delay&quot;:600}\">\n\t\t\t\t\t\t<div class=\"elementor-container elementor-column-gap-no\">\n\t\t\t\t\t<div class=\"elementor-column elementor-col-100 elementor-inner-column elementor-element elementor-element-2a17e06\" data-id=\"2a17e06\" data-element_type=\"column\">\n\t\t\t<div class=\"elementor-widget-wrap elementor-element-populated\">\n\t\t\t\t\t\t<div class=\"elementor-element elementor-element-67a21b9 elementor-widget elementor-widget-image\" data-id=\"67a21b9\" data-element_type=\"widget\" data-widget_type=\"image.default\">\n\t\t\t\t<div class=\"elementor-widget-container\">\n\t\t\t\t\t\t\t\t\t\t\t\t\t\t\t<img fetchpriority=\"high\" decoding=\"async\" width=\"369\" height=\"602\" src=\"https:\/\/lawebdereservas.com\/wp-content\/uploads\/2023\/05\/salondepruebas.png\" class=\"attachment-full size-full wp-image-3571\" alt=\"\" \/>\t\t\t\t\t\t\t\t\t\t\t\t\t\t\t<\/div>\n\t\t\t\t<\/div>\n\t\t\t\t<div class=\"elementor-element elementor-element-b051473 elementor-widget elementor-widget-image\" data-id=\"b051473\" data-element_type=\"widget\" data-widget_type=\"image.default\">\n\t\t\t\t<div class=\"elementor-widget-container\">\n\t\t\t\t\t\t\t\t\t\t\t\t\t\t\t<img decoding=\"async\" width=\"368\" height=\"575\" src=\"https:\/\/lawebdereservas.com\/wp-content\/uploads\/2023\/05\/Servicios-salon.png\" class=\"attachment-full size-full wp-image-3576\" alt=\"\" \/>\t\t\t\t\t\t\t\t\t\t\t\t\t\t\t<\/div>\n\t\t\t\t<\/div>\n\t\t\t\t<div class=\"elementor-element elementor-element-7fe4c05 elementor-widget elementor-widget-image\" data-id=\"7fe4c05\" data-element_type=\"widget\" data-widget_type=\"image.default\">\n\t\t\t\t<div class=\"elementor-widget-container\">\n\t\t\t\t\t\t\t\t\t\t\t\t\t\t\t<img loading=\"lazy\" decoding=\"async\" width=\"373\" height=\"588\" src=\"https:\/\/lawebdereservas.com\/wp-content\/uploads\/2023\/05\/Reservas.png\" class=\"attachment-full size-full wp-image-3577\" alt=\"\" \/>\t\t\t\t\t\t\t\t\t\t\t\t\t\t\t<\/div>\n\t\t\t\t<\/div>\n\t\t\t\t<div class=\"elementor-element elementor-element-8e227fa elementor-widget elementor-widget-image\" data-id=\"8e227fa\" data-element_type=\"widget\" data-widget_type=\"image.default\">\n\t\t\t\t<div class=\"elementor-widget-container\">\n\t\t\t\t\t\t\t\t\t\t\t\t\t\t\t<img loading=\"lazy\" decoding=\"async\" width=\"368\" height=\"616\" src=\"https:\/\/lawebdereservas.com\/wp-content\/uploads\/2023\/05\/Reservas-datos.png\" class=\"attachment-full size-full wp-image-3578\" alt=\"\" \/>\t\t\t\t\t\t\t\t\t\t\t\t\t\t\t<\/div>\n\t\t\t\t<\/div>\n\t\t\t\t\t<\/div>\n\t\t<\/div>\n\t\t\t\t\t<\/div>\n\t\t<\/div>\n\t\t\t\t\t<\/div>\n\t\t<\/div>\n\t\t\t\t\t<\/div>\n\t\t<\/div>\n\t\t\t\t<div class=\"elementor-section elementor-top-section elementor-element elementor-element-ca7cbf1 ml-md-4 mr-md-4 elementor-section-content-middle elementor-section-boxed elementor-section-height-default elementor-section-height-default\" data-id=\"ca7cbf1\" data-element_type=\"section\" data-settings=\"{&quot;background_background&quot;:&quot;classic&quot;,&quot;animation&quot;:&quot;none&quot;}\">\n\t\t\t\t\t\t<div class=\"elementor-container elementor-column-gap-default\">\n\t\t\t\t\t<div class=\"elementor-column elementor-col-50 elementor-top-column elementor-element elementor-element-a1c596a\" data-id=\"a1c596a\" data-element_type=\"column\">\n\t\t\t<div class=\"elementor-widget-wrap elementor-element-populated\">\n\t\t\t\t\t\t<div class=\"elementor-element elementor-element-7e479f6 mb-2 elementor-invisible elementor-widget elementor-widget-heading\" data-id=\"7e479f6\" data-element_type=\"widget\" data-settings=\"{&quot;_animation&quot;:&quot;fadeIn&quot;}\" data-widget_type=\"heading.default\">\n\t\t\t\t<div class=\"elementor-widget-container\">\n\t\t\t\t\t<h3 class=\"elementor-heading-title elementor-size-default\">Nuestro sistema es accesible desde <strong>cualquier lugar<\/strong><\/h3>\t\t\t\t<\/div>\n\t\t\t\t<\/div>\n\t\t\t\t<div class=\"elementor-element elementor-element-7c0d959 mb-1 elementor-invisible elementor-widget elementor-widget-heading\" data-id=\"7c0d959\" data-element_type=\"widget\" data-settings=\"{&quot;_animation&quot;:&quot;fadeIn&quot;}\" data-widget_type=\"heading.default\">\n\t\t\t\t<div class=\"elementor-widget-container\">\n\t\t\t\t\t<div class=\"elementor-heading-title elementor-size-default\">Consulta las citas de tu sal\u00f3n desde cualquier dispositivo en tiempo real.<\/div>\t\t\t\t<\/div>\n\t\t\t\t<\/div>\n\t\t\t\t\t<\/div>\n\t\t<\/div>\n\t\t\t\t<div class=\"elementor-column elementor-col-50 elementor-top-column elementor-element elementor-element-1fc955e\" data-id=\"1fc955e\" data-element_type=\"column\">\n\t\t\t<div class=\"elementor-widget-wrap\">\n\t\t\t\t\t\t\t<\/div>\n\t\t<\/div>\n\t\t\t\t\t<\/div>\n\t\t<\/div>\n\t\t\t\t<div class=\"elementor-section elementor-top-section elementor-element elementor-element-41b8fcf p-t-xxl p-b-xxl elementor-section-content-middle elementor-section-boxed elementor-section-height-default elementor-section-height-default\" data-id=\"41b8fcf\" data-element_type=\"section\" id=\"como-trabajamos\">\n\t\t\t\t\t\t<div class=\"elementor-container elementor-column-gap-default\">\n\t\t\t\t\t<div class=\"elementor-column elementor-col-50 elementor-top-column elementor-element elementor-element-6076b3c wp-layout-40\" data-id=\"6076b3c\" data-element_type=\"column\">\n\t\t\t<div class=\"elementor-widget-wrap elementor-element-populated\">\n\t\t\t\t\t\t<div class=\"elementor-element elementor-element-e5acba2 custom-product-image-pos-1 _relative animated-slow elementor-invisible elementor-widget elementor-widget-image\" data-id=\"e5acba2\" data-element_type=\"widget\" data-settings=\"{&quot;_animation&quot;:&quot;fadeInLeft&quot;,&quot;_animation_delay&quot;:1600}\" data-widget_type=\"image.default\">\n\t\t\t\t<div class=\"elementor-widget-container\">\n\t\t\t\t\t\t\t\t\t\t\t\t\t\t\t<img loading=\"lazy\" decoding=\"async\" width=\"846\" height=\"1280\" src=\"https:\/\/lawebdereservas.com\/wp-content\/uploads\/2023\/05\/OIG.png\" class=\"attachment-full size-full wp-image-3633\" alt=\"\" srcset=\"https:\/\/lawebdereservas.com\/wp-content\/uploads\/2023\/05\/OIG.png 846w, https:\/\/lawebdereservas.com\/wp-content\/uploads\/2023\/05\/OIG-677x1024.png 677w, https:\/\/lawebdereservas.com\/wp-content\/uploads\/2023\/05\/OIG-768x1162.png 768w, https:\/\/lawebdereservas.com\/wp-content\/uploads\/2023\/05\/OIG-640x968.png 640w, https:\/\/lawebdereservas.com\/wp-content\/uploads\/2023\/05\/OIG-400x605.png 400w\" sizes=\"(max-width: 846px) 100vw, 846px\" \/>\t\t\t\t\t\t\t\t\t\t\t\t\t\t\t<\/div>\n\t\t\t\t<\/div>\n\t\t\t\t\t<\/div>\n\t\t<\/div>\n\t\t\t\t<div class=\"elementor-column elementor-col-50 elementor-top-column elementor-element elementor-element-37d39a4 wp-layout-60\" data-id=\"37d39a4\" data-element_type=\"column\">\n\t\t\t<div class=\"elementor-widget-wrap elementor-element-populated\">\n\t\t\t\t\t\t<div class=\"elementor-element elementor-element-da8378e elementor-invisible elementor-widget elementor-widget-heading\" data-id=\"da8378e\" data-element_type=\"widget\" data-settings=\"{&quot;_animation&quot;:&quot;fadeInLeft&quot;}\" data-widget_type=\"heading.default\">\n\t\t\t\t<div class=\"elementor-widget-container\">\n\t\t\t\t\t<h2 class=\"elementor-heading-title elementor-size-default\">Te damos la bienvenida a la era digital para salones de u\u00f1as.<\/h2>\t\t\t\t<\/div>\n\t\t\t\t<\/div>\n\t\t\t\t<div class=\"elementor-element elementor-element-d3babb5 m-b-md elementor-invisible elementor-widget elementor-widget-text-editor\" data-id=\"d3babb5\" data-element_type=\"widget\" data-settings=\"{&quot;_animation&quot;:&quot;fadeInLeft&quot;}\" data-widget_type=\"text-editor.default\">\n\t\t\t\t<div class=\"elementor-widget-container\">\n\t\t\t\t\t\t\t\t\t<p>\u00a0Si eres propietario de un sal\u00f3n, sabes que tus clientes valoran la comodidad y eficiencia en sus visitas.<\/p>\t\t\t\t\t\t\t\t<\/div>\n\t\t\t\t<\/div>\n\t\t\t\t<div class=\"elementor-element elementor-element-1361965 mb-5 elementor-invisible elementor-widget elementor-widget-text-editor\" data-id=\"1361965\" data-element_type=\"widget\" data-settings=\"{&quot;_animation&quot;:&quot;fadeInLeft&quot;}\" data-widget_type=\"text-editor.default\">\n\t\t\t\t<div class=\"elementor-widget-container\">\n\t\t\t\t\t\t\t\t\t<p>Para satisfacer estas expectativas y mejorar tu negocio, ofrecemos nuestro servicio de dise\u00f1o de sitios web personalizados para salones de u\u00f1as, incluyendo un sistema de reserva de citas en l\u00ednea totalmente personalizable.<\/p>\t\t\t\t\t\t\t\t<\/div>\n\t\t\t\t<\/div>\n\t\t\t\t<div class=\"elementor-element elementor-element-76a062d elementor-widget__width-auto elementor-hidden-tablet elementor-hidden-mobile elementor-invisible elementor-widget elementor-widget-html\" data-id=\"76a062d\" data-element_type=\"widget\" data-settings=\"{&quot;_animation&quot;:&quot;fadeInLeft&quot;,&quot;_animation_delay&quot;:750}\" data-widget_type=\"html.default\">\n\t\t\t\t<div class=\"elementor-widget-container\">\n\t\t\t\t\t<svg class=\"svg-line\" xmlns=\"http:\/\/www.w3.org\/2000\/svg\" xmlns:xlink=\"http:\/\/www.w3.org\/1999\/xlink\" width=\"95\" height=\"23\" data-filename=\"connect-dots.svg\">\n\t<path id=\"shape_one_start\" fill-rule=\"evenodd\" stroke=\"rgb(198, 198, 198)\" stroke-width=\"2px\" stroke-dasharray=\"1, 4\" stroke-linecap=\"round\" stroke-linejoin=\"miter\" fill=\"none\" d=\"M2.000,18.999 C51.786,-21.752 93.000,19.999 93.000,19.999 \"><\/path>\n<\/svg>\n<svg class=\"svg-circle\" xmlns=\"http:\/\/www.w3.org\/2000\/svg\" xmlns:xlink=\"http:\/\/www.w3.org\/1999\/xlink\" width=\"14\" height=\"14\" data-filename=\"connect-point.svg\">\n<path id=\"shape_one_end\" fill-rule=\"evenodd\" stroke=\"rgb(198, 198, 198)\" stroke-width=\"2px\" stroke-dasharray=\"1, 4\" stroke-linecap=\"round\" stroke-linejoin=\"miter\" fill=\"none\" d=\"M6.569,0.965 C9.646,0.965 12.139,3.435 12.139,6.482 C12.139,9.530 9.646,11.999 6.569,11.999 C3.494,11.999 1.000,9.530 1.000,6.482 C1.000,3.435 3.494,0.965 6.569,0.965 Z\"><\/path>\n<\/svg>\t\t\t\t<\/div>\n\t\t\t\t<\/div>\n\t\t\t\t<div class=\"elementor-element elementor-element-d41938c elementor-widget__width-auto elementor-hidden-tablet elementor-hidden-mobile elementor-invisible elementor-widget elementor-widget-html\" data-id=\"d41938c\" data-element_type=\"widget\" data-settings=\"{&quot;_animation&quot;:&quot;fadeInLeft&quot;,&quot;_animation_delay&quot;:1050}\" data-widget_type=\"html.default\">\n\t\t\t\t<div class=\"elementor-widget-container\">\n\t\t\t\t\t<svg class=\"svg-line\" xmlns=\"http:\/\/www.w3.org\/2000\/svg\" xmlns:xlink=\"http:\/\/www.w3.org\/1999\/xlink\" width=\"95\" height=\"23\" data-filename=\"connect-dots.svg\">\n\t<path id=\"shape_one_start\" fill-rule=\"evenodd\" stroke=\"rgb(198, 198, 198)\" stroke-width=\"2px\" stroke-dasharray=\"1, 4\" stroke-linecap=\"round\" stroke-linejoin=\"miter\" fill=\"none\" d=\"M2.000,18.999 C51.786,-21.752 93.000,19.999 93.000,19.999 \"><\/path>\n<\/svg>\n<svg class=\"svg-circle\" xmlns=\"http:\/\/www.w3.org\/2000\/svg\" xmlns:xlink=\"http:\/\/www.w3.org\/1999\/xlink\" width=\"14\" height=\"14\" data-filename=\"connect-point.svg\">\n<path id=\"shape_one_end\" fill-rule=\"evenodd\" stroke=\"rgb(198, 198, 198)\" stroke-width=\"2px\" stroke-dasharray=\"1, 4\" stroke-linecap=\"round\" stroke-linejoin=\"miter\" fill=\"none\" d=\"M6.569,0.965 C9.646,0.965 12.139,3.435 12.139,6.482 C12.139,9.530 9.646,11.999 6.569,11.999 C3.494,11.999 1.000,9.530 1.000,6.482 C1.000,3.435 3.494,0.965 6.569,0.965 Z\"><\/path>\n<\/svg>\t\t\t\t<\/div>\n\t\t\t\t<\/div>\n\t\t\t\t\t<\/div>\n\t\t<\/div>\n\t\t\t\t\t<\/div>\n\t\t<\/div>\n\t\t\t\t<div class=\"elementor-section elementor-top-section elementor-element elementor-element-ced5dbc p-t-xxl pb-5 elementor-section-boxed elementor-section-height-default elementor-section-height-default\" data-id=\"ced5dbc\" data-element_type=\"section\" id=\"ventajas\">\n\t\t\t\t\t\t<div class=\"elementor-container elementor-column-gap-default\">\n\t\t\t\t\t<div class=\"elementor-column elementor-col-100 elementor-top-column elementor-element elementor-element-3e78553\" data-id=\"3e78553\" data-element_type=\"column\">\n\t\t\t<div class=\"elementor-widget-wrap elementor-element-populated\">\n\t\t\t\t\t\t<div class=\"elementor-element elementor-element-64ae09d elementor-invisible elementor-widget elementor-widget-heading\" data-id=\"64ae09d\" data-element_type=\"widget\" data-settings=\"{&quot;_animation&quot;:&quot;fadeInUp&quot;}\" data-widget_type=\"heading.default\">\n\t\t\t\t<div class=\"elementor-widget-container\">\n\t\t\t\t\t<h2 class=\"elementor-heading-title elementor-size-default\">\u00bfQu\u00e9 ofrecemos?<\/h2>\t\t\t\t<\/div>\n\t\t\t\t<\/div>\n\t\t\t\t<div class=\"elementor-element elementor-element-78a2026 w-lg-66 m-auto elementor-widget__width-initial elementor-invisible elementor-widget elementor-widget-heading\" data-id=\"78a2026\" data-element_type=\"widget\" data-settings=\"{&quot;_animation&quot;:&quot;fadeInUp&quot;,&quot;_animation_delay&quot;:&quot;600&quot;}\" data-widget_type=\"heading.default\">\n\t\t\t\t<div class=\"elementor-widget-container\">\n\t\t\t\t\t<p class=\"elementor-heading-title elementor-size-default\">Con estos servicios incluidos, podr\u00e1s centrarte en tu negocio mientras nosotros nos encargamos de todos los aspectos t\u00e9cnicos y de dise\u00f1o de tu sitio web. \nEstamos aqu\u00ed para ayudarte a impulsar tu presencia en l\u00ednea y ofrecer a tus clientes la mejor experiencia posible en tu sal\u00f3n de u\u00f1as.\n<\/p>\t\t\t\t<\/div>\n\t\t\t\t<\/div>\n\t\t\t\t<section class=\"elementor-section elementor-inner-section elementor-element elementor-element-f3b3740 elementor-section-boxed elementor-section-height-default elementor-section-height-default\" data-id=\"f3b3740\" data-element_type=\"section\">\n\t\t\t\t\t\t<div class=\"elementor-container elementor-column-gap-default\">\n\t\t\t\t\t<div class=\"elementor-column elementor-col-50 elementor-inner-column elementor-element elementor-element-6ec02a2\" data-id=\"6ec02a2\" data-element_type=\"column\">\n\t\t\t<div class=\"elementor-widget-wrap\">\n\t\t\t\t\t\t\t<\/div>\n\t\t<\/div>\n\t\t\t\t<div class=\"elementor-column elementor-col-50 elementor-inner-column elementor-element elementor-element-384eed4\" data-id=\"384eed4\" data-element_type=\"column\">\n\t\t\t<div class=\"elementor-widget-wrap\">\n\t\t\t\t\t\t\t<\/div>\n\t\t<\/div>\n\t\t\t\t\t<\/div>\n\t\t<\/section>\n\t\t\t\t\t<\/div>\n\t\t<\/div>\n\t\t\t\t\t<\/div>\n\t\t<\/div>\n\t\t\t\t<div class=\"elementor-section elementor-top-section elementor-element elementor-element-390c2cb overflow-hidden p-t-xxl p-b-xxl elementor-section-boxed elementor-section-height-default elementor-section-height-default\" data-id=\"390c2cb\" data-element_type=\"section\" id=\"caracteristicas\">\n\t\t\t\t\t\t<div class=\"elementor-container elementor-column-gap-default\">\n\t\t\t\t\t<div class=\"elementor-column elementor-col-100 elementor-top-column elementor-element elementor-element-3708d7e\" data-id=\"3708d7e\" data-element_type=\"column\">\n\t\t\t<div class=\"elementor-widget-wrap elementor-element-populated\">\n\t\t\t\t\t\t<div class=\"elementor-element elementor-element-51411f6 elementor-absolute elementor-hidden-mobile animated-slow elementor-invisible elementor-widget elementor-widget-text-editor\" data-id=\"51411f6\" data-element_type=\"widget\" data-settings=\"{&quot;_position&quot;:&quot;absolute&quot;,&quot;_animation&quot;:&quot;fadeInLeft&quot;,&quot;_animation_delay&quot;:800}\" data-widget_type=\"text-editor.default\">\n\t\t\t\t<div class=\"elementor-widget-container\">\n\t\t\t\t\t\t\t\t\t<svg xmlns=\"http:\/\/www.w3.org\/2000\/svg\" xmlns:xlink=\"http:\/\/www.w3.org\/1999\/xlink\" width=\"1290\" height=\"1290\" id=\"icon_141638511382419\" data-filename=\"shape-1.svg\" class=\"appear-animate\" data-settings=\"{'animation: 'fadeInLeft', 'duration': '1600', 'delay': '.4s'}\">\n<path fill-rule=\"evenodd\" fill=\"rgb(245, 243, 251)\" d=\"M751.271,43.996 L1246.077,539.139 C1304.636,597.738 1304.603,692.712 1246.004,751.271 L750.861,1246.076 C692.262,1304.635 597.287,1304.603 538.729,1246.004 L43.923,750.860 C-14.636,692.262 -14.603,597.287 43.995,538.728 L539.139,43.923 C597.738,-14.635 692.713,-14.603 751.271,43.996 Z\"><\/path>\n<\/svg>\t\t\t\t\t\t\t\t<\/div>\n\t\t\t\t<\/div>\n\t\t\t\t<div class=\"elementor-element elementor-element-7745743 elementor-invisible elementor-widget elementor-widget-heading\" data-id=\"7745743\" data-element_type=\"widget\" data-settings=\"{&quot;_animation&quot;:&quot;fadeIn&quot;}\" data-widget_type=\"heading.default\">\n\t\t\t\t<div class=\"elementor-widget-container\">\n\t\t\t\t\t<h5 class=\"elementor-heading-title elementor-size-default\">Sin un sistema de citas en l\u00ednea, tu sal\u00f3n puede enfrentar problemas como:<\/h5>\t\t\t\t<\/div>\n\t\t\t\t<\/div>\n\t\t\t\t\t<\/div>\n\t\t<\/div>\n\t\t\t\t\t<\/div>\n\t\t<\/div>\n\t\t\t\t<section class=\"elementor-section elementor-top-section elementor-element elementor-element-41a9cd6 elementor-section-boxed elementor-section-height-default elementor-section-height-default\" data-id=\"41a9cd6\" data-element_type=\"section\" id=\"planes\">\n\t\t\t\t\t\t<div class=\"elementor-container elementor-column-gap-default\">\n\t\t\t\t\t<div class=\"elementor-column elementor-col-100 elementor-top-column elementor-element elementor-element-c4b60cb\" data-id=\"c4b60cb\" data-element_type=\"column\">\n\t\t\t<div class=\"elementor-widget-wrap elementor-element-populated\">\n\t\t\t\t\t\t<div class=\"elementor-element elementor-element-122168a elementor-widget elementor-widget-html\" data-id=\"122168a\" data-element_type=\"widget\" data-widget_type=\"html.default\">\n\t\t\t\t<div class=\"elementor-widget-container\">\n\t\t\t\t\t<script async src=\"https:\/\/js.stripe.com\/v3\/pricing-table.js\"><\/script>\r\n<stripe-pricing-table pricing-table-id=\"prctbl_1N5FNdAAtfyDLj5M2ozuwN36\"\r\npublishable-key=\"pk_live_51N1hz0AAtfyDLj5MrgGZAUXzd1FQnD9SUgTkFYWkp2GC7dAGfrZb3rnsdk9g9Ko3Ml7YSBYRk85LI69j2CcIaZfO00MfCGnchH\">\r\n<\/stripe-pricing-table>\t\t\t\t<\/div>\n\t\t\t\t<\/div>\n\t\t\t\t\t<\/div>\n\t\t<\/div>\n\t\t\t\t\t<\/div>\n\t\t<\/section>\n\t\t\t\t<\/div>\n\t\t","protected":false},"excerpt":{"rendered":"<p>DESCUBRE EL \u00daNICO SISTEMA DE Sal\u00f3n Manicura en linea \u00bfQuieres potenciar tu sal\u00f3n de manicura con una presencia en l\u00ednea profesional que refleje la calidad de tu negocio? \u00a1Podemos ayudarte! sistema de manicura en l\u00ednea NUESTROS ASOCIADOS: Nuestro sistema es accesible desde cualquier lugar Consulta las citas de tu sal\u00f3n desde cualquier dispositivo en tiempo [&hellip;]<\/p>\n","protected":false},"author":1,"featured_media":0,"parent":0,"menu_order":0,"comment_status":"closed","ping_status":"closed","template":"","meta":{"footnotes":""},"class_list":["post-8","page","type-page","status-publish","hentry"],"_links":{"self":[{"href":"https:\/\/lawebdereservas.com\/index.php?rest_route=\/wp\/v2\/pages\/8","targetHints":{"allow":["GET"]}}],"collection":[{"href":"https:\/\/lawebdereservas.com\/index.php?rest_route=\/wp\/v2\/pages"}],"about":[{"href":"https:\/\/lawebdereservas.com\/index.php?rest_route=\/wp\/v2\/types\/page"}],"author":[{"embeddable":true,"href":"https:\/\/lawebdereservas.com\/index.php?rest_route=\/wp\/v2\/users\/1"}],"replies":[{"embeddable":true,"href":"https:\/\/lawebdereservas.com\/index.php?rest_route=%2Fwp%2Fv2%2Fcomments&post=8"}],"version-history":[{"count":51,"href":"https:\/\/lawebdereservas.com\/index.php?rest_route=\/wp\/v2\/pages\/8\/revisions"}],"predecessor-version":[{"id":3694,"href":"https:\/\/lawebdereservas.com\/index.php?rest_route=\/wp\/v2\/pages\/8\/revisions\/3694"}],"wp:attachment":[{"href":"https:\/\/lawebdereservas.com\/index.php?rest_route=%2Fwp%2Fv2%2Fmedia&parent=8"}],"curies":[{"name":"wp","href":"https:\/\/api.w.org\/{rel}","templated":true}]}}